{"id":1817,"date":"2020-12-09T19:05:14","date_gmt":"2020-12-09T16:05:14","guid":{"rendered":"http:\/\/turkabkablo.com\/?page_id=1817"},"modified":"2021-03-14T15:27:37","modified_gmt":"2021-03-14T12:27:37","slug":"h07vvh6-f","status":"publish","type":"page","link":"https:\/\/turkabkablo.com\/?page_id=1817","title":{"rendered":"H07VVH6-F"},"content":{"rendered":"\n<figure class=\"wp-block-image size-large\"><img decoding=\"async\" loading=\"lazy\" width=\"400\" height=\"260\" src=\"http:\/\/turkabkablo.com\/wp-content\/uploads\/2020\/12\/h07vvh6-f-2.png\" alt=\"\" class=\"wp-image-1818\" srcset=\"https:\/\/turkabkablo.com\/wp-content\/uploads\/2020\/12\/h07vvh6-f-2.png 400w, https:\/\/turkabkablo.com\/wp-content\/uploads\/2020\/12\/h07vvh6-f-2-300x195.png 300w\" sizes=\"(max-width: 400px) 100vw, 400px\" \/><\/figure>\n\n\n\n<p>Dalg\u0131\u00e7 Pompalar i\u00e7in Yass\u0131 Flexible Kablolar<\/p>\n\n\n<style id=\"kt-blocks_a0cca7-25\" type=\"text\/css\">.kt-tabs-id_a0cca7-25 > .kt-tabs-content-wrap > .wp-block-kadence-tab {border-width:4px 4px 4px 4px;min-height:400px;border-color:#eeeeee;background:#ffffff;}.wp-block-kadence-tabs .kt-tabs-id_a0cca7-25 > .kt-tabs-title-list li {margin:0px -4px 10px 0px;}.wp-block-kadence-tabs .kt-tabs-id_a0cca7-25 > .kt-tabs-title-list li .kt-tab-title, .kt-tabs-id_a0cca7-25 > .kt-tabs-content-wrap > .kt-tabs-accordion-title .kt-tab-title {font-size:1.1em;line-height:1.4em;border-width:4px 0px 4px 4px ;border-radius:10px 0px 0px 10px ;padding:12px 8px 12px 20px ;border-color:#eeeeee;color:#444444;background:#eeeeee;}.kt-tabs-id_a0cca7-25 > .kt-tabs-title-list li .kt-tab-title:hover, .kt-tabs-id_a0cca7-25 > .kt-tabs-content-wrap > .kt-tabs-accordion-title .kt-tab-title:hover {border-color:#e9e9e9;color:#444444;background:#e9e9e9;}.kt-tabs-id_a0cca7-25 > .kt-tabs-title-list li.kt-tab-title-active .kt-tab-title, .kt-tabs-id_a0cca7-25 > .kt-tabs-content-wrap > .kt-tabs-accordion-title.kt-tab-title-active .kt-tab-title  {border-color:#eeeeee;color:#444444;background:#ffffff;}<\/style>\n<div class=\"wp-block-kadence-tabs alignnone\"><div class=\"kt-tabs-wrap kt-tabs-id_a0cca7-25 kt-tabs-has-6-tabs kt-active-tab-1 kt-tabs-layout-vtabs kt-tabs-tablet-layout-inherit kt-tabs-mobile-layout-accordion kt-tab-alignment-left kt-create-accordion\" style=\"max-width:none\"><ul class=\"kt-tabs-title-list\"><li id=\"tab-tip\" class=\"kt-title-item kt-title-item-1 kt-tabs-svg-show-always kt-tabs-icon-side-right kt-tab-title-active\"><a href=\"#tab-tip\" data-tab=\"1\" class=\"kt-tab-title kt-tab-title-1 \"><span class=\"kt-title-text\">Tip<\/span><\/a><\/li><li id=\"tab-standartlar\" class=\"kt-title-item kt-title-item-2 kt-tabs-svg-show-always kt-tabs-icon-side-right kt-tab-title-inactive\"><a href=\"#tab-standartlar\" data-tab=\"2\" class=\"kt-tab-title kt-tab-title-2 \"><span class=\"kt-title-text\">Standartlar<\/span><\/a><\/li><li id=\"tab-kabloyaps\" class=\"kt-title-item kt-title-item-3 kt-tabs-svg-show-always kt-tabs-icon-side-right kt-tab-title-inactive\"><a href=\"#tab-kabloyaps\" data-tab=\"3\" class=\"kt-tab-title kt-tab-title-3 \"><span class=\"kt-title-text\">Kablo Yap\u0131s\u0131<\/span><\/a><\/li><li id=\"tab-kullanmalan\" class=\"kt-title-item kt-title-item-4 kt-tabs-svg-show-always kt-tabs-icon-side-right kt-tab-title-inactive\"><a href=\"#tab-kullanmalan\" data-tab=\"4\" class=\"kt-tab-title kt-tab-title-4 \"><span class=\"kt-title-text\">Kullan\u0131m Alan\u0131<\/span><\/a><\/li><li id=\"tab-teknikveriler\" class=\"kt-title-item kt-title-item-5 kt-tabs-svg-show-always kt-tabs-icon-side-right kt-tab-title-inactive\"><a href=\"#tab-teknikveriler\" data-tab=\"5\" class=\"kt-tab-title kt-tab-title-5 \"><span class=\"kt-title-text\">Teknik Veriler<\/span><\/a><\/li><li id=\"tab-rnkatalou\" class=\"kt-title-item kt-title-item-6 kt-tabs-svg-show-always kt-tabs-icon-side-right kt-tab-title-inactive\"><a href=\"#tab-rnkatalou\" data-tab=\"6\" class=\"kt-tab-title kt-tab-title-6 \"><span class=\"kt-title-text\">\u00dcr\u00fcn Katalo\u011fu<\/span><\/a><\/li><\/ul><div class=\"kt-tabs-content-wrap\">\n<div class=\"wp-block-kadence-tab kt-tab-inner-content kt-inner-tab-1 kt-inner-tab_c71568-a9\"><div class=\"kt-tab-inner-content-inner\">\n<p>H07VVH6-F<\/p>\n<\/div><\/div>\n\n\n\n<div class=\"wp-block-kadence-tab kt-tab-inner-content kt-inner-tab-2 kt-inner-tab_d7374d-f2\"><div class=\"kt-tab-inner-content-inner\">\n<p>TS EN 50214 , IEC 60227-6<\/p>\n<\/div><\/div>\n\n\n\n<div class=\"wp-block-kadence-tab kt-tab-inner-content kt-inner-tab-3 kt-inner-tab_5f99c9-93\"><div class=\"kt-tab-inner-content-inner\">\n<figure class=\"wp-block-table\"><table><tbody><tr><td>\u0130letken<\/td><td>\u0130nce \u00c7ok Telli Elektrolitik Tavl\u0131 Bak\u0131r \u0130letken<em>(IEC 60228, VDE 0295, S\u0131n\u0131f 5)<\/em><\/td><\/tr><tr><td>Yal\u0131tkan<\/td><td>PVC ( TI2 )<\/td><\/tr><tr><td>K\u0131l\u0131f<\/td><td>PVC ( TM2 )<\/td><\/tr><\/tbody><\/table><\/figure>\n<\/div><\/div>\n\n\n\n<div class=\"wp-block-kadence-tab kt-tab-inner-content kt-inner-tab-4 kt-inner-tab_41e4dd-63\"><div class=\"kt-tab-inner-content-inner\">\n<p>Derin kuyu dalg\u0131\u00e7 pompalar\u0131n\u0131n yan\u0131 s\u0131ra, asans\u00f6r, vin\u00e7, y\u00fcr\u00fcyen merdiven, bant sistemleri gibi hareketli sistemlerde kontrol ve kumanda kablosu olarak da kullan\u0131l\u0131r.<\/p>\n<\/div><\/div>\n\n\n\n<div class=\"wp-block-kadence-tab kt-tab-inner-content kt-inner-tab-5 kt-inner-tab_d7aeb4-34\"><div class=\"kt-tab-inner-content-inner\">\n<figure class=\"wp-block-table\"><table><tbody><tr><td>Maksimum \u00c7al\u0131\u015fma S\u0131cakl\u0131\u011f\u0131<\/td><td>: +70 \u00baC<\/td><\/tr><tr><td>Maksimum K\u0131sadevre S\u0131cakl\u0131\u011f\u0131<\/td><td>: +160 \u00baC ( max 5 sn )<\/td><\/tr><tr><td>Anma Gerilimi;<\/td><td>: 450\/750 V<\/td><\/tr><tr><td>Test Gerilimi<\/td><td>: 2.5 kV<\/td><\/tr><tr><td>Alev Testi<\/td><td>: IEC 60332-1-2<\/td><\/tr><\/tbody><\/table><\/figure>\n<\/div><\/div>\n\n\n\n<div class=\"wp-block-kadence-tab kt-tab-inner-content kt-inner-tab-6 kt-inner-tab_e47a78-7a\"><div class=\"kt-tab-inner-content-inner\">\n<figure class=\"wp-block-image size-large\"><a href=\"http:\/\/turkabkablo.com\/wp-content\/uploads\/2021\/03\/h07vvh6-f.png\" target=\"_blank\" rel=\"noopener noreferrer\"><img decoding=\"async\" loading=\"lazy\" width=\"1024\" height=\"724\" src=\"http:\/\/turkabkablo.com\/wp-content\/uploads\/2021\/03\/h07vvh6-f-1024x724.png\" alt=\"\" class=\"wp-image-2106\" srcset=\"https:\/\/turkabkablo.com\/wp-content\/uploads\/2021\/03\/h07vvh6-f-1024x724.png 1024w, https:\/\/turkabkablo.com\/wp-content\/uploads\/2021\/03\/h07vvh6-f-300x212.png 300w, https:\/\/turkabkablo.com\/wp-content\/uploads\/2021\/03\/h07vvh6-f-768x543.png 768w, https:\/\/turkabkablo.com\/wp-content\/uploads\/2021\/03\/h07vvh6-f.png 1200w\" sizes=\"(max-width: 1024px) 100vw, 1024px\" \/><\/a><\/figure>\n<\/div><\/div>\n<\/div><\/div><\/div>\n","protected":false},"excerpt":{"rendered":"<p>Dalg\u0131\u00e7 Pompalar i\u00e7in Yass\u0131 Flexible Kablolar<\/p>\n","protected":false},"author":1,"featured_media":1818,"parent":1718,"menu_order":0,"comment_status":"closed","ping_status":"closed","template":"","meta":{"kt_blocks_editor_width":"","footnotes":""},"tags":[26],"featured_image_src_large":["https:\/\/turkabkablo.com\/wp-content\/uploads\/2020\/12\/h07vvh6-f-2.png",400,260,false],"author_info":{"display_name":"Abronsius","author_link":"https:\/\/turkabkablo.com\/?author=1"},"comment_info":0,"taxonomy_info":{"post_tag":[{"value":26,"label":"Harmonize"}]},"_links":{"self":[{"href":"https:\/\/turkabkablo.com\/index.php?rest_route=\/wp\/v2\/pages\/1817"}],"collection":[{"href":"https:\/\/turkabkablo.com\/index.php?rest_route=\/wp\/v2\/pages"}],"about":[{"href":"https:\/\/turkabkablo.com\/index.php?rest_route=\/wp\/v2\/types\/page"}],"author":[{"embeddable":true,"href":"https:\/\/turkabkablo.com\/index.php?rest_route=\/wp\/v2\/users\/1"}],"replies":[{"embeddable":true,"href":"https:\/\/turkabkablo.com\/index.php?rest_route=%2Fwp%2Fv2%2Fcomments&post=1817"}],"version-history":[{"count":2,"href":"https:\/\/turkabkablo.com\/index.php?rest_route=\/wp\/v2\/pages\/1817\/revisions"}],"predecessor-version":[{"id":2108,"href":"https:\/\/turkabkablo.com\/index.php?rest_route=\/wp\/v2\/pages\/1817\/revisions\/2108"}],"up":[{"embeddable":true,"href":"https:\/\/turkabkablo.com\/index.php?rest_route=\/wp\/v2\/pages\/1718"}],"wp:featuredmedia":[{"embeddable":true,"href":"https:\/\/turkabkablo.com\/index.php?rest_route=\/wp\/v2\/media\/1818"}],"wp:attachment":[{"href":"https:\/\/turkabkablo.com\/index.php?rest_route=%2Fwp%2Fv2%2Fmedia&parent=1817"}],"wp:term":[{"taxonomy":"post_tag","embeddable":true,"href":"https:\/\/turkabkablo.com\/index.php?rest_route=%2Fwp%2Fv2%2Ftags&post=1817"}],"curies":[{"name":"wp","href":"https:\/\/api.w.org\/{rel}","templated":true}]}}