{"id":1746,"date":"2020-11-28T20:05:28","date_gmt":"2020-11-28T17:05:28","guid":{"rendered":"http:\/\/turkabkablo.com\/?page_id=1746"},"modified":"2024-05-20T15:24:50","modified_gmt":"2024-05-20T12:24:50","slug":"fiyat-listesi","status":"publish","type":"page","link":"https:\/\/turkabkablo.com\/?page_id=1746","title":{"rendered":"Fiyat Listesi"},"content":{"rendered":"\n<p><\/p>\n\n\n\n<div class=\"wp-block-kadence-imageoverlay aligncenter kt-img-overlay_602e1f-1a\"><div class=\"kt-image-overlay-wrap kt-over-image-static\" style=\"max-width:212px\"><div class=\"kt-block-intrisic\" style=\"padding-bottom:141.50943396226415%\"><img decoding=\"async\" loading=\"lazy\" src=\"https:\/\/turkabkablo.com\/wp-content\/uploads\/2024\/05\/Turen-Kablo-Fiyat-Listeleri2024_page-0001-212x300.jpg\" alt=\"\" width=\"212\" height=\"300\" class=\"kt-img-overlay wp-image-2279\" srcset=\"https:\/\/turkabkablo.com\/wp-content\/uploads\/2024\/05\/Turen-Kablo-Fiyat-Listeleri2024_page-0001-212x300.jpg 212w, https:\/\/turkabkablo.com\/wp-content\/uploads\/2024\/05\/Turen-Kablo-Fiyat-Listeleri2024_page-0001-725x1024.jpg 725w, https:\/\/turkabkablo.com\/wp-content\/uploads\/2024\/05\/Turen-Kablo-Fiyat-Listeleri2024_page-0001-768x1085.jpg 768w, https:\/\/turkabkablo.com\/wp-content\/uploads\/2024\/05\/Turen-Kablo-Fiyat-Listeleri2024_page-0001.jpg 992w\" sizes=\"(max-width: 212px) 100vw, 212px\" \/><div class=\"kt-image-overlay-color-wrapper\"><div class=\"kt-image-overlay-color\" style=\"background-color:#8a8686\"><\/div><\/div><a href=\"http:\/\/turkabkablo.com\/wp-content\/uploads\/2024\/05\/Turen-Kablo-Fiyat-Listeleri2024_page-0001.jpg\" target=\"_blank\" rel=\"noopener noreferrer\" class=\"kt-imageoverlay-link\"><div class=\"kt-image-overlay-message kt-over-substyle-visible kt-over-valign-center kt-over-halign-center\" style=\"border-width:2px;left:10px;right:10px;bottom:10px;top:10px\"><div class=\"kt-image-overlay-inner\"><h2 class=\"image-overlay-title\" style=\"color:#fffbfb;padding:5px 5px 5px 5px;margin:0px 0px 0px 0px\">PVC Kablolar<br \/><\/h2><\/div><\/div><\/a><\/div><\/div><\/div>\n\n\n\n<div class=\"wp-block-kadence-imageoverlay aligncenter kt-img-overlay_60c216-bb\"><div class=\"kt-image-overlay-wrap kt-over-image-static\" style=\"max-width:212px\"><div class=\"kt-block-intrisic\" style=\"padding-bottom:141.50943396226415%\"><img decoding=\"async\" loading=\"lazy\" src=\"https:\/\/turkabkablo.com\/wp-content\/uploads\/2024\/05\/Turen-Kablo-Fiyat-Listeleri2024_page-0002-212x300.jpg\" alt=\"\" width=\"212\" height=\"300\" class=\"kt-img-overlay wp-image-2281\" srcset=\"https:\/\/turkabkablo.com\/wp-content\/uploads\/2024\/05\/Turen-Kablo-Fiyat-Listeleri2024_page-0002-212x300.jpg 212w, https:\/\/turkabkablo.com\/wp-content\/uploads\/2024\/05\/Turen-Kablo-Fiyat-Listeleri2024_page-0002-725x1024.jpg 725w, https:\/\/turkabkablo.com\/wp-content\/uploads\/2024\/05\/Turen-Kablo-Fiyat-Listeleri2024_page-0002-768x1085.jpg 768w, https:\/\/turkabkablo.com\/wp-content\/uploads\/2024\/05\/Turen-Kablo-Fiyat-Listeleri2024_page-0002.jpg 992w\" sizes=\"(max-width: 212px) 100vw, 212px\" \/><div class=\"kt-image-overlay-color-wrapper\"><div class=\"kt-image-overlay-color\" style=\"background-color:#797474\"><\/div><\/div><a href=\"http:\/\/turkabkablo.com\/wp-content\/uploads\/2024\/05\/Turen-Kablo-Fiyat-Listeleri2024_page-0002.jpg\" target=\"_blank\" rel=\"noopener noreferrer\" class=\"kt-imageoverlay-link\"><div class=\"kt-image-overlay-message kt-over-substyle-hidden_below kt-over-valign-center kt-over-halign-center\" style=\"border-width:2px;left:10px;right:10px;bottom:10px;top:10px\"><div class=\"kt-image-overlay-inner\"><h2 class=\"image-overlay-title\" style=\"color:#fffbfb;padding:5px 5px 5px 5px;margin:0px 0px 0px 0px\"><br \/><br \/><br \/>Kaynak<br \/>Kau\u00e7uk<br \/>HFFR<br \/>Al\u00fcminyum Kablolar<br \/><br \/><br \/><\/h2><h5 class=\"image-overlay-subtitle\" style=\"color:#fff;padding:5px 5px 5px 5px;margin:0px 0px 0px 0px\">F\u0130YAT L\u0130STES\u0130<\/h5><\/div><\/div><\/a><\/div><\/div><\/div>\n","protected":false},"excerpt":{"rendered":"","protected":false},"author":1,"featured_media":0,"parent":0,"menu_order":0,"comment_status":"closed","ping_status":"closed","template":"","meta":{"kt_blocks_editor_width":"","footnotes":""},"tags":[],"featured_image_src_large":false,"author_info":{"display_name":"Abronsius","author_link":"https:\/\/turkabkablo.com\/?author=1"},"comment_info":0,"taxonomy_info":[],"_links":{"self":[{"href":"https:\/\/turkabkablo.com\/index.php?rest_route=\/wp\/v2\/pages\/1746"}],"collection":[{"href":"https:\/\/turkabkablo.com\/index.php?rest_route=\/wp\/v2\/pages"}],"about":[{"href":"https:\/\/turkabkablo.com\/index.php?rest_route=\/wp\/v2\/types\/page"}],"author":[{"embeddable":true,"href":"https:\/\/turkabkablo.com\/index.php?rest_route=\/wp\/v2\/users\/1"}],"replies":[{"embeddable":true,"href":"https:\/\/turkabkablo.com\/index.php?rest_route=%2Fwp%2Fv2%2Fcomments&post=1746"}],"version-history":[{"count":7,"href":"https:\/\/turkabkablo.com\/index.php?rest_route=\/wp\/v2\/pages\/1746\/revisions"}],"predecessor-version":[{"id":2287,"href":"https:\/\/turkabkablo.com\/index.php?rest_route=\/wp\/v2\/pages\/1746\/revisions\/2287"}],"wp:attachment":[{"href":"https:\/\/turkabkablo.com\/index.php?rest_route=%2Fwp%2Fv2%2Fmedia&parent=1746"}],"wp:term":[{"taxonomy":"post_tag","embeddable":true,"href":"https:\/\/turkabkablo.com\/index.php?rest_route=%2Fwp%2Fv2%2Ftags&post=1746"}],"curies":[{"name":"wp","href":"https:\/\/api.w.org\/{rel}","templated":true}]}}